{"id":835,"date":"2019-02-09T21:00:33","date_gmt":"2019-02-09T21:00:33","guid":{"rendered":"http:\/\/institutviladomat.cat\/portfoli\/16marcduran\/?page_id=835"},"modified":"2019-02-09T21:00:33","modified_gmt":"2019-02-09T21:00:33","slug":"la-meva-poesia","status":"publish","type":"page","link":"https:\/\/institutviladomat.cat\/portfoli\/16marcduran\/la-meva-poesia\/","title":{"rendered":"La meva poesia"},"content":{"rendered":"\n<p>En aquesta p\u00e0gina posar\u00e9 tots els poemes que escrigui per aix\u00ed poder expressar-me.<\/p>\n\n\n","protected":false},"excerpt":{"rendered":"<p>En aquesta p\u00e0gina posar\u00e9 tots els poemes que escrigui per aix\u00ed poder expressar-me.<\/p>\n","protected":false},"author":86,"featured_media":0,"parent":0,"menu_order":0,"comment_status":"closed","ping_status":"closed","template":"","meta":{"footnotes":""},"_links":{"self":[{"href":"https:\/\/institutviladomat.cat\/portfoli\/16marcduran\/wp-json\/wp\/v2\/pages\/835"}],"collection":[{"href":"https:\/\/institutviladomat.cat\/portfoli\/16marcduran\/wp-json\/wp\/v2\/pages"}],"about":[{"href":"https:\/\/institutviladomat.cat\/portfoli\/16marcduran\/wp-json\/wp\/v2\/types\/page"}],"author":[{"embeddable":true,"href":"https:\/\/institutviladomat.cat\/portfoli\/16marcduran\/wp-json\/wp\/v2\/users\/86"}],"replies":[{"embeddable":true,"href":"https:\/\/institutviladomat.cat\/portfoli\/16marcduran\/wp-json\/wp\/v2\/comments?post=835"}],"version-history":[{"count":1,"href":"https:\/\/institutviladomat.cat\/portfoli\/16marcduran\/wp-json\/wp\/v2\/pages\/835\/revisions"}],"predecessor-version":[{"id":836,"href":"https:\/\/institutviladomat.cat\/portfoli\/16marcduran\/wp-json\/wp\/v2\/pages\/835\/revisions\/836"}],"wp:attachment":[{"href":"https:\/\/institutviladomat.cat\/portfoli\/16marcduran\/wp-json\/wp\/v2\/media?parent=835"}],"curies":[{"name":"wp","href":"https:\/\/api.w.org\/{rel}","templated":true}]}}