{"id":4,"date":"2016-09-21T11:42:56","date_gmt":"2016-09-21T11:42:56","guid":{"rendered":"http:\/\/institutviladomat.cat\/portfoli\/16sergisarraute\/?page_id=4"},"modified":"2016-09-22T07:56:25","modified_gmt":"2016-09-22T07:56:25","slug":"qui-soc","status":"publish","type":"page","link":"https:\/\/institutviladomat.cat\/portfoli\/16sergisarraute\/qui-soc\/","title":{"rendered":"Qui s\u00f3c?"},"content":{"rendered":"<p>S\u00f3c el Sergi, tinc 12 anys, vaig n\u00e8ixer el 19\/08\/2004 i de signe Leo.<\/p>\n<p><img decoding=\"async\" loading=\"lazy\" class=\"alignnone size-medium wp-image-5\" src=\"http:\/\/institutviladomat.cat\/portfoli\/16sergisarraute\/wp-content\/uploads\/sites\/124\/2016\/09\/leo-300x300.jpg\" alt=\"leo\" width=\"300\" height=\"300\" srcset=\"https:\/\/institutviladomat.cat\/portfoli\/16sergisarraute\/wp-content\/uploads\/sites\/124\/2016\/09\/leo-300x300.jpg 300w, https:\/\/institutviladomat.cat\/portfoli\/16sergisarraute\/wp-content\/uploads\/sites\/124\/2016\/09\/leo-150x150.jpg 150w, https:\/\/institutviladomat.cat\/portfoli\/16sergisarraute\/wp-content\/uploads\/sites\/124\/2016\/09\/leo.jpg 421w\" sizes=\"(max-width: 300px) 100vw, 300px\" \/><\/p>\n","protected":false},"excerpt":{"rendered":"<p>S\u00f3c el Sergi, tinc 12 anys, vaig n\u00e8ixer el 19\/08\/2004 i de signe Leo.<\/p>\n","protected":false},"author":126,"featured_media":0,"parent":0,"menu_order":0,"comment_status":"closed","ping_status":"closed","template":"","meta":{"footnotes":""},"_links":{"self":[{"href":"https:\/\/institutviladomat.cat\/portfoli\/16sergisarraute\/wp-json\/wp\/v2\/pages\/4"}],"collection":[{"href":"https:\/\/institutviladomat.cat\/portfoli\/16sergisarraute\/wp-json\/wp\/v2\/pages"}],"about":[{"href":"https:\/\/institutviladomat.cat\/portfoli\/16sergisarraute\/wp-json\/wp\/v2\/types\/page"}],"author":[{"embeddable":true,"href":"https:\/\/institutviladomat.cat\/portfoli\/16sergisarraute\/wp-json\/wp\/v2\/users\/126"}],"replies":[{"embeddable":true,"href":"https:\/\/institutviladomat.cat\/portfoli\/16sergisarraute\/wp-json\/wp\/v2\/comments?post=4"}],"version-history":[{"count":3,"href":"https:\/\/institutviladomat.cat\/portfoli\/16sergisarraute\/wp-json\/wp\/v2\/pages\/4\/revisions"}],"predecessor-version":[{"id":31,"href":"https:\/\/institutviladomat.cat\/portfoli\/16sergisarraute\/wp-json\/wp\/v2\/pages\/4\/revisions\/31"}],"wp:attachment":[{"href":"https:\/\/institutviladomat.cat\/portfoli\/16sergisarraute\/wp-json\/wp\/v2\/media?parent=4"}],"curies":[{"name":"wp","href":"https:\/\/api.w.org\/{rel}","templated":true}]}}