{"id":1332,"date":"2020-02-22T16:52:49","date_gmt":"2020-02-22T14:52:49","guid":{"rendered":"https:\/\/institutviladomat.cat\/portfoli\/17marcmorera\/?page_id=1332"},"modified":"2024-02-22T16:54:17","modified_gmt":"2024-02-22T14:54:17","slug":"1332-2","status":"publish","type":"page","link":"https:\/\/institutviladomat.cat\/portfoli\/17marcmorera\/1332-2\/","title":{"rendered":""},"content":{"rendered":"<div class=\"entry-content\" style=\"margin: 1.5em 0px 0px;font-family: var(--single-content-family);font-size: var(--single-content-size);line-height: var(--single-content-lineheight)\">\n<p>N\u1ebfu b\u1ea1n \u0111ang t\u00ecm ki\u1ebfm m\u1ed9t tr\u00f2 ch\u01a1i \u0111\u1ed5i th\u01b0\u1edfng h\u1ea5p d\u1eabn \u0111\u1ec3 gi\u1ea3i tr\u00ed th\u00ec B52.club APK ch\u00ednh l\u00e0 l\u1ef1a ch\u1ecdn ho\u00e0n h\u1ea3o! V\u1edbi phi\u00ean b\u1ea3n APK, b\u1ea1n c\u00f3 th\u1ec3 t\u1ea3i v\u00e0 c\u00e0i \u0111\u1eb7t game tr\u1ef1c ti\u1ebfp tr\u00ean \u0111i\u1ec7n tho\u1ea1i di \u0111\u1ed9ng c\u1ee7a m\u00ecnh, ti\u1ec7n l\u1ee3i v\u00e0 d\u1ec5 d\u00e0ng tr\u1ea3i nghi\u1ec7m nh\u1eefng s\u1ef1 ki\u1ec7n \u0111\u1ed5i th\u01b0\u1edfng li\u00ean t\u1ee5c. B\u00ean c\u1ea1nh \u0111\u00f3, \u0111\u1ed3 h\u1ecda s\u1eafc n\u00e9t v\u00e0 h\u00e0ng lo\u1ea1t s\u1ef1 ki\u1ec7n \u0111\u1ed5i th\u01b0\u1edfng h\u1ea5p d\u1eabn c\u0169ng l\u00e0 \u0111i\u1ec3m nh\u1ea5n c\u1ee7a tr\u00f2 ch\u01a1i n\u00e0y. H\u00e3y t\u1ea3i game <a href=\"https:\/\/b52club.guide\">B52.club<\/a> APK ngay \u0111\u1ec3 tr\u1ea3i nghi\u1ec7m si\u00eau ph\u1ea9m \u0111\u1ed5i th\u01b0\u1edfng!<\/p>\n<blockquote>\n<p><em>Xem th\u00eam:\u00a0<a href=\"https:\/\/b52.boston\/b52-web\/\"><span style=\"font-family:arial;font-size:10pt\">b52 web<\/span><\/a><\/em><\/p>\n<\/blockquote>\n<h2>B52.club APK \u2013 Game \u0111\u1ed3 h\u1ecda ho\u00e0n h\u1ea3o<\/h2>\n<p>V\u1edbi phi\u00ean b\u1ea3n APK, B52.club mang \u0111\u1ebfn cho ng\u01b0\u1eddi ch\u01a1i m\u1ed9t tr\u1ea3i nghi\u1ec7m \u0111\u1ed3 h\u1ecda ho\u00e0n h\u1ea3o. Ch\u1ea5t l\u01b0\u1ee3ng h\u00ecnh \u1ea3nh s\u1eafc n\u00e9t, \u00e2m thanh s\u1ed1ng \u0111\u1ed9ng, v\u00e0 c\u00e1c hi\u1ec7u \u1ee9ng \u0111\u1eb7c bi\u1ec7t t\u1ea1o ra s\u1ef1 ch\u00e2n th\u1eadt cho ng\u01b0\u1eddi ch\u01a1i. \u0110i\u1ec1u n\u00e0y gi\u00fap t\u1ea1o ra c\u1ea3m gi\u00e1c nh\u01b0 \u0111ang tham gia v\u00e0o m\u1ed9t tr\u00f2 ch\u01a1i th\u1ef1c t\u1ebf.<\/p>\n<h2>H\u00e0ng lo\u1ea1t s\u1ef1 ki\u1ec7n \u0111\u1ed5i th\u01b0\u1edfng h\u1ea5p d\u1eabn<\/h2>\n<p>B52.club APK kh\u00f4ng ch\u1ec9 mang \u0111\u1ebfn tr\u00f2 ch\u01a1i \u0111a d\u1ea1ng m\u00e0 c\u00f2n c\u00f3 s\u1ef1 ki\u1ec7n \u0111\u1ed5i th\u01b0\u1edfng h\u1ea5p d\u1eabn \u0111\u1ec3 ng\u01b0\u1eddi ch\u01a1i tham gia. V\u1edbi c\u00e1c gi\u1ea3i \u0111\u1ea5u \u0111a d\u1ea1ng, ng\u01b0\u1eddi ch\u01a1i c\u00f3 c\u01a1 h\u1ed9i th\u00e1ch \u0111\u1ea5u v\u1edbi nh\u1eefng ng\u01b0\u1eddi ch\u01a1i kh\u00e1c v\u00e0 nh\u1eadn \u0111\u01b0\u1ee3c nh\u1eefng ph\u1ea7n th\u01b0\u1edfng gi\u00e1 tr\u1ecb. Kh\u00f4ng ch\u1ec9 c\u00f3 s\u1ef1 ki\u1ec7n khi t\u1ea3i game b52.club apk c\u00f2n th\u01b0\u1eddng xuy\u00ean t\u1ed5 ch\u1ee9c c\u00e1c event, mini game v\u00e0 ch\u01b0\u01a1ng tr\u00ecnh khuy\u1ebfn m\u00e3i h\u1ea5p d\u1eabn.<\/p>\n<p>B\u00ean c\u1ea1nh \u0111\u00f3, v\u1edbi t\u00ednh n\u0103ng chat trong game c\u1ee7a B52.club APK, ng\u01b0\u1eddi ch\u01a1i c\u00f2n c\u00f3 th\u1ec3 tr\u00f2 chuy\u1ec7n v\u00e0 th\u1ea3o lu\u1eadn v\u1edbi nh\u1eefng ng\u01b0\u1eddi ch\u01a1i kh\u00e1c \u0111\u1ec3 chia s\u1ebb kinh nghi\u1ec7m v\u00e0 t\u01b0 v\u1ea5n chi\u1ebfn thu\u1eadt cho nhau.<\/p>\n<p><img decoding=\"async\" alt=\"T\u1ea3i Game B52\" src=\"https:\/\/online.pubhtml5.com\/yoecq\/bannerlogo.jpg\" style=\"width:auto;height:auto\" title=\"T\u1ea3i Game B52\" \/><br \/>\n<img decoding=\"async\" alt=\"Tr\u1edf th\u00e0nh ng\u01b0\u1eddi ch\u01a1i h\u00e0ng \u0111\u1ea7u c\u00f9ng B52.club APK v\u00e0 tham gia ngay v\u00e0o c\u00e1c s\u1ef1 ki\u1ec7n \u0111\u1ed5i th\u01b0\u1edfng h\u1ea5p d\u1eabn \u0111\u1ec3 c\u00f3 c\u01a1 h\u1ed9i nh\u1eadn \u0111\u01b0\u1ee3c nh\u1eefng ph\u1ea7n th\u01b0\u1edfng gi\u00e1 tr\u1ecb.\" class=\"size-full wp-image-92\" src=\"https:\/\/b52club.guide\/wp-content\/uploads\/2024\/02\/hang-loat-su-kien-doi-thuong-hap-dan.jpg\" style=\"border-style:none;height:auto;margin-left:auto;margin-right:auto;max-width:100%;width:800px\" \/><\/p>\n<p>Tr\u1edf th\u00e0nh ng\u01b0\u1eddi ch\u01a1i h\u00e0ng \u0111\u1ea7u c\u00f9ng B52.club APK v\u00e0 tham gia ngay v\u00e0o c\u00e1c s\u1ef1 ki\u1ec7n \u0111\u1ed5i th\u01b0\u1edfng h\u1ea5p d\u1eabn \u0111\u1ec3 c\u00f3 c\u01a1 h\u1ed9i nh\u1eadn \u0111\u01b0\u1ee3c nh\u1eefng ph\u1ea7n th\u01b0\u1edfng gi\u00e1 tr\u1ecb.<\/p>\n<h2>Quy tr\u00ecnh t\u1ea3i game B52.club apk<\/h2>\n<p>\u0110\u1ec3 tr\u1ea3i nghi\u1ec7m tr\u00f2 ch\u01a1i B52.club APK, b\u1ea1n c\u1ea7n truy c\u1eadp v\u00e0o trang web ch\u00ednh th\u1ee9c c\u1ee7a game. Sau \u0111\u00f3, t\u00ecm v\u00e0 nh\u1ea5n v\u00e0o n\u00fat \u201cT\u1ea3i v\u1ec1\u201d \u0111\u1ec3 t\u1ea3i file APK v\u1ec1 \u0111i\u1ec7n tho\u1ea1i c\u1ee7a b\u1ea1n. Qu\u00e1 tr\u00ecnh n\u00e0y c\u00f3 th\u1ec3 m\u1ea5t v\u00e0i ph\u00fat, t\u00f9y thu\u1ed9c v\u00e0o t\u1ed1c \u0111\u1ed9 internet c\u1ee7a b\u1ea1n.<\/p>\n<p>Sau khi t\u1ea3i xong, b\u1ea1n c\u00f3 th\u1ec3 b\u1eaft \u0111\u1ea7u c\u00e0i \u0111\u1eb7t tr\u00f2 ch\u01a1i b\u1eb1ng c\u00e1ch nh\u1ea5n v\u00e0o file v\u1eeba t\u1ea3i v\u1ec1. \u0110i\u1ec7n tho\u1ea1i s\u1ebd hi\u1ec3n th\u1ecb m\u1ed9t th\u00f4ng b\u00e1o c\u1ea3nh b\u00e1o v\u1ec1 ngu\u1ed3n g\u1ed1c c\u1ee7a file APK, b\u1ea1n ch\u1ec9 c\u1ea7n ch\u1ecdn \u201c\u0110\u1ed3ng \u00fd\u201d \u0111\u1ec3 ti\u1ebfp t\u1ee5c qu\u00e1 tr\u00ecnh c\u00e0i \u0111\u1eb7t.<\/p>\n<p><img decoding=\"async\" alt=\"T\u1ea3i Game B52\" src=\"https:\/\/www.nhietkehongngoai.vn\/wp-content\/uploads\/2020\/11\/Picture1-7.png\" style=\"width:auto;height:auto\" title=\"T\u1ea3i Game B52\" \/><\/p>\n<p>Sau khi c\u00e0i \u0111\u1eb7t xong, b\u1ea1n \u0111\u00e3 s\u1eb5n s\u00e0ng tham gia B52.club APK v\u00e0 tr\u1ea3i nghi\u1ec7m nh\u1eefng s\u1ef1 ki\u1ec7n \u0111\u1ed5i th\u01b0\u1edfng th\u00fa v\u1ecb m\u00e0 tr\u00f2 ch\u01a1i mang l\u1ea1i.<\/p>\n<p>T\u1ea3i game B52.club APK v\u00e0 c\u00e0i \u0111\u1eb7t tr\u00f2 ch\u01a1i tr\u00ean \u0111i\u1ec7n tho\u1ea1i c\u1ee7a b\u1ea1n ngay b\u00e2y gi\u1edd \u0111\u1ec3 kh\u00f4ng b\u1ecf l\u1ee1 c\u00e1c s\u1ef1 ki\u1ec7n \u0111\u1ed5i th\u01b0\u1edfng h\u1ea5p d\u1eabn nh\u00e9!<\/p>\n<p><img decoding=\"async\" alt=\"Quy tr\u00ecnh t\u1ea3i v\u00e0 c\u00e0i \u0111\u1eb7t B52.club APK\" class=\"size-full wp-image-93\" src=\"https:\/\/b52club.guide\/wp-content\/uploads\/2024\/02\/quy-trinh-tai-va-cai-dat-b52-club-apk.jpg\" style=\"border-style:none;height:auto;margin-left:auto;margin-right:auto;max-width:100%;width:800px\" \/><\/p>\n<p>Quy tr\u00ecnh t\u1ea3i v\u00e0 c\u00e0i \u0111\u1eb7t B52.club APK<\/p>\n<h2>B\u00ed quy\u1ebft chi\u1ebfn th\u1eafng trong B52.club APK<\/h2>\n<p>\u0110\u1ec3 chi\u1ebfn th\u1eafng trong B52.club APK, ng\u01b0\u1eddi ch\u01a1i c\u1ea7n c\u00f3 k\u1ef9 n\u0103ng v\u00e0 chi\u1ebfn thu\u1eadt t\u1ed1t. \u0110\u1ea7u ti\u00ean, b\u1ea1n c\u1ea7n ph\u1ea3i t\u00ecm hi\u1ec3u c\u00e1c quy t\u1eafc v\u00e0 lu\u1eadt ch\u01a1i c\u1ee7a game \u0111\u1ec3 c\u00f3 c\u00e1i nh\u00ecn t\u1ed5ng quan v\u1ec1 tr\u00f2 ch\u01a1i v\u00e0 hi\u1ec3u r\u00f5 c\u00e1ch th\u1ee9c ho\u1ea1t \u0111\u1ed9ng c\u1ee7a n\u00f3.<\/p>\n<p>Sau \u0111\u00f3, h\u1ecdc c\u00e1ch \u0111\u1ecdc k\u1ef9 nguy\u00ean t\u1eafc r\u00fat g\u1ecdn \u0111\u1ec3 t\u00ednh to\u00e1n x\u00e1c su\u1ea5t v\u00e0 t\u1ef7 l\u1ec7 th\u1eafng, t\u1eeb \u0111\u00f3 t\u00ecm ra chi\u1ebfn thu\u1eadt ph\u00f9 h\u1ee3p \u0111\u1ec3 \u0111\u1ea1t \u0111\u01b0\u1ee3c k\u1ebft qu\u1ea3 t\u1ed1t nh\u1ea5t. Ngo\u00e0i ra, b\u1ea1n c\u0169ng c\u00f3 th\u1ec3 tham kh\u1ea3o c\u00e1c b\u00e0i vi\u1ebft, \u0111\u01b0\u1eddng d\u1eabn t\u00e0i li\u1ec7u c\u00f3 chia s\u1ebb kinh nghi\u1ec7m ch\u01a1i t\u1eeb nh\u1eefng ng\u01b0\u1eddi ch\u01a1i th\u00e0nh c\u00f4ng \u0111\u1ec3 trau d\u1ed3i th\u00eam kinh nghi\u1ec7m ch\u01a1i game.<\/p>\n<p>Cu\u1ed1i c\u00f9ng, h\u00e3y lu\u00f4n gi\u1eef tinh th\u1ea7n tho\u1ea3i m\u00e1i v\u00e0 th\u01b0 gi\u00e3n \u0111\u1ec3 t\u1eadn h\u01b0\u1edfng tr\u00f2 ch\u01a1i th\u00fa v\u1ecb n\u00e0y. V\u1edbi nh\u1eefng b\u00ed quy\u1ebft v\u00e0 k\u1ef9 n\u0103ng ch\u01a1i t\u1ed1t, b\u1ea1n s\u1ebd s\u1edbm \u0111\u1ea1t \u0111\u01b0\u1ee3c nh\u1eefng ph\u1ea7n th\u01b0\u1edfng gi\u00e1 tr\u1ecb khi tham gia B52.club APK.<\/p>\n<p><img decoding=\"async\" alt=\"T\u00ecm hi\u1ec3u th\u00eam v\u1ec1 tr\u00f2 ch\u01a1i B52.club APK v\u00e0 tr\u1ea3i nghi\u1ec7m ngay \u0111\u1ec3 \u0111\u1ed5i th\u01b0\u1edfng c\u1ef1c \u0111\u00e3!\" class=\"size-full wp-image-90\" src=\"https:\/\/b52club.guide\/wp-content\/uploads\/2024\/02\/bi-quyet-chien-thang-trong-b52-club-apk.jpg\" style=\"border-style:none;height:auto;margin-left:auto;margin-right:auto;max-width:100%;width:800px\" \/><\/p>\n<p>T\u00ecm hi\u1ec3u th\u00eam v\u1ec1 tr\u00f2 ch\u01a1i B52.club APK v\u00e0 tr\u1ea3i nghi\u1ec7m ngay \u0111\u1ec3 \u0111\u1ed5i th\u01b0\u1edfng c\u1ef1c \u0111\u00e3!<\/p>\n<h2>H\u01b0\u1edbng d\u1eabn n\u1ea1p ti\u1ec1n v\u00e0 r\u00fat ti\u1ec1n sau khi t\u1ea3i game b52.club apk<\/h2>\n<p>B52.club APK mang \u0111\u1ebfn cho ng\u01b0\u1eddi ch\u01a1i h\u00e0ng lo\u1ea1t ph\u01b0\u01a1ng th\u1ee9c thanh to\u00e1n \u0111\u1ec3 n\u1ea1p v\u00e0 r\u00fat ti\u1ec1n m\u1ed9t c\u00e1ch d\u1ec5 d\u00e0ng. B\u1ea1n c\u00f3 th\u1ec3 s\u1eed d\u1ee5ng c\u00e1c ph\u01b0\u01a1ng th\u1ee9c thanh to\u00e1n ph\u1ed5 bi\u1ebfn nh\u01b0 chuy\u1ec3n kho\u1ea3n, v\u00ed \u0111i\u1ec7n t\u1eed, th\u1ebb c\u00e0o \u0111i\u1ec7n tho\u1ea1i, ho\u1eb7c c\u00e1c h\u00ecnh th\u1ee9c kh\u00e1c ch\u1ecdn l\u1ef1a ph\u00f9 h\u1ee3p v\u00e0 thu\u1eadn ti\u1ec7n nh\u1ea5t cho m\u00ecnh.<\/p>\n<p>Quy tr\u00ecnh n\u1ea1p v\u00e0 r\u00fat ti\u1ec1n trong B52.club APK \u0111\u01b0\u1ee3c h\u01b0\u1edbng d\u1eabn chi ti\u1ebft trong tr\u00f2 ch\u01a1i, gi\u00fap ng\u01b0\u1eddi ch\u01a1i d\u1ec5 d\u00e0ng th\u1ef1c hi\u1ec7n c\u00e1c giao d\u1ecbch ch\u1ec9 trong v\u00e0i b\u01b0\u1edbc \u0111\u01a1n gi\u1ea3n. V\u1edbi B52.club APK, ch\u01a1i v\u00e0 ki\u1ebfm ti\u1ec1n tr\u1edf n\u00ean d\u1ec5 d\u00e0ng h\u01a1n bao gi\u1edd h\u1ebft!<\/p>\n<h2>\u0110\u00e1nh gi\u00e1 v\u1ec1 B52.club APK<\/h2>\n<p>B52.club APK l\u00e0 m\u1ed9t trong nh\u1eefng tr\u00f2 ch\u01a1i \u0111\u1ed5i th\u01b0\u1edfng \u0111ang \u0111\u01b0\u1ee3c \u01b0a chu\u1ed9ng hi\u1ec7n nay. Nhi\u1ec1u ng\u01b0\u1eddi ch\u01a1i \u0111\u00e3 \u0111\u00e1nh gi\u00e1 cao v\u1ec1 tr\u00f2 ch\u01a1i n\u00e0y. V\u1edbi \u0111\u1ed3 h\u1ecda ho\u00e0n h\u1ea3o v\u00e0 h\u00e0ng lo\u1ea1t s\u1ef1 ki\u1ec7n \u0111\u1ed5i th\u01b0\u1edfng h\u1ea5p d\u1eabn, B52.club APK \u0111em l\u1ea1i cho ng\u01b0\u1eddi ch\u01a1i nh\u1eefng tr\u1ea3i nghi\u1ec7m th\u00fa v\u1ecb v\u00e0 kh\u00f4ng th\u1ec3 qu\u00ean.<\/p>\n<p>Ngo\u00e0i ra, kh\u1ea3 n\u0103ng chi\u1ebfn th\u1eafng c\u1ee7a tr\u00f2 ch\u01a1i c\u0169ng \u0111\u01b0\u1ee3c ng\u01b0\u1eddi ch\u01a1i \u0111\u00e1nh gi\u00e1 cao. B52.club APK \u0111\u1eb7t ra nhi\u1ec1u th\u1eed th\u00e1ch v\u00e0 c\u01a1 h\u1ed9i \u0111\u1ec3 ng\u01b0\u1eddi ch\u01a1i tr\u1edf th\u00e0nh ng\u01b0\u1eddi chi\u1ebfn th\u1eafng. S\u1ef1 ki\u1ec7n \u0111\u1ed5i th\u01b0\u1edfng phong ph\u00fa c\u0169ng l\u00e0 m\u1ed9t \u0111i\u1ec3m c\u1ed9ng cho tr\u00f2 ch\u01a1i n\u00e0y.<\/p>\n<p><img decoding=\"async\" alt=\"T\u1ea3i Game B52\" src=\"https:\/\/taigameionline.vn\/wp-content\/uploads\/2023\/05\/tai-game-b52-club-ios.jpg\" style=\"width:auto;height:auto\" title=\"T\u1ea3i Game B52\" \/><\/p>\n<p>T\u1ed5ng th\u1ec3, B52.club APK x\u1ee9ng \u0111\u00e1ng l\u00e0 m\u1ed9t tr\u00f2 ch\u01a1i \u0111\u00e1ng ch\u01a1i v\u1edbi s\u1ef1 h\u00e0i l\u00f2ng v\u00e0 \u0111\u1ed9 tin c\u1eady t\u1eeb ph\u00eda ng\u01b0\u1eddi ch\u01a1i. N\u1ebfu b\u1ea1n mu\u1ed1n tr\u1ea3i nghi\u1ec7m tr\u00f2 ch\u01a1i \u0111\u1ed5i th\u01b0\u1edfng h\u1ea5p d\u1eabn c\u00f9ng v\u1edbi nh\u1eefng c\u01a1 h\u1ed9i chi\u1ebfn th\u1eafng, B52.club APK l\u00e0 m\u1ed9t l\u1ef1a ch\u1ecdn kh\u00f4ng th\u1ec3 b\u1ecf qua.<\/p>\n<p><img decoding=\"async\" alt=\"\u0110\u00e1nh gi\u00e1 v\u1ec1 B52.club APK\" class=\"size-full wp-image-91\" src=\"https:\/\/b52club.guide\/wp-content\/uploads\/2024\/02\/danh-gia-ve-b52-club-apk.jpg\" style=\"border-style:none;height:auto;margin-left:auto;margin-right:auto;max-width:100%;width:800px\" \/><\/p>\n<p>\u0110\u00e1nh gi\u00e1 v\u1ec1 B52.club APK<\/p>\n<h2>K\u1ebft Lu\u1eadn<\/h2>\n<p>B52.club APK l\u00e0 m\u1ed9t tr\u00f2 ch\u01a1i \u0111\u00e1nh b\u00e0i online \u0111a d\u1ea1ng v\u1edbi \u0111\u1ed3 h\u1ecda ho\u00e0n h\u1ea3o. Nh\u1eefng hi\u1ec7u \u1ee9ng m\u01b0\u1ee3t m\u00e0 v\u00e0 \u00e2m thanh ch\u00e2n th\u1ef1c s\u1ebd khi\u1ebfn b\u1ea1n c\u1ea3m nh\u1eadn \u0111\u01b0\u1ee3c nh\u01b0 \u0111ang th\u1ef1c s\u1ef1 ng\u1ed3i t\u1ea1i s\u00f2ng b\u00e0i. Ch\u01a1i game tr\u00ean \u0111i\u1ec7n tho\u1ea1i v\u1edbi B52.club APK, ng\u01b0\u1eddi ch\u01a1i c\u00f3 th\u1ec3 tr\u1ea3i nghi\u1ec7m ngay tr\u00ean \u0111i\u1ec7n tho\u1ea1i di \u0111\u1ed9ng c\u1ee7a m\u00ecnh m\u00e0 kh\u00f4ng c\u1ea7n ph\u1ea3i ra \u0111\u1ebfn s\u00f2ng b\u00e0i.<\/p>\n<p><img decoding=\"async\" alt=\"T\u1ea3i Game B52\" src=\"http:\/\/tricksgame.net\/wp-content\/uploads\/2022\/10\/13.png\" style=\"width:auto;height:auto\" title=\"T\u1ea3i Game B52\" \/><\/p>\n<p>B\u00ean c\u1ea1nh \u0111\u00f3, tr\u00f2 ch\u01a1i B52.club APK c\u00f2n c\u00f3 h\u00e0ng lo\u1ea1t s\u1ef1 ki\u1ec7n \u0111\u1ed5i th\u01b0\u1edfng h\u1ea5p d\u1eabn nh\u01b0 c\u00e1c gi\u1ea3i \u0111\u1ea5u, c\u00e1c s\u1ef1 ki\u1ec7n truy\u1ec1n th\u1ed1ng v\u00e0 th\u00e1ch \u0111\u1ea5u v\u1edbi ng\u01b0\u1eddi ch\u01a1i kh\u00e1c. C\u00e1c gi\u1ea3i th\u01b0\u1edfng gi\u00e1 tr\u1ecb c\u0169ng \u0111ang ch\u1edd \u0111\u00f3n ng\u01b0\u1eddi ch\u01a1i chinh ph\u1ee5c.<\/p>\n<p>V\u1edbi quy tr\u00ecnh t\u1ea3i v\u00e0 c\u00e0i \u0111\u1eb7t \u0111\u01a1n gi\u1ea3n, ng\u01b0\u1eddi ch\u01a1i ch\u1ec9 c\u1ea7n truy c\u1eadp v\u00e0o trang web ch\u00ednh th\u1ee9c c\u1ee7a B52.club, t\u1ea3i v\u1ec1 v\u00e0 c\u00e0i \u0111\u1eb7t theo h\u01b0\u1edbng d\u1eabn s\u1ebd c\u00f3 th\u1ec3 tr\u1ea3i nghi\u1ec7m tr\u00f2 ch\u01a1i ngay t\u1ea1i nh\u00e0. H\u00e3y tham gia B52.club ngay \u0111\u1ec3 th\u1eed v\u1eadn may v\u00e0 ki\u1ebfm \u0111\u01b0\u1ee3c nh\u1eefng ph\u1ea7n th\u01b0\u1edfng gi\u00e1 tr\u1ecb!<\/p>\n<\/div>\n<p style=\"text-align: center;font-size: 8px;font-weight: 600;justify-content: center;color: blueviolet\">POSTER FOXSEOTOOL<\/p>\n<p>.<\/p>\n","protected":false},"excerpt":{"rendered":"<p>N\u1ebfu b\u1ea1n \u0111ang t\u00ecm ki\u1ebfm m\u1ed9t tr\u00f2 ch\u01a1i \u0111\u1ed5i th\u01b0\u1edfng h\u1ea5p d\u1eabn \u0111\u1ec3 gi\u1ea3i tr\u00ed th\u00ec B52.club APK ch\u00ednh l\u00e0 l\u1ef1a ch\u1ecdn ho\u00e0n h\u1ea3o! V\u1edbi phi\u00ean b\u1ea3n APK,&#8230;<\/p>\n","protected":false},"author":273,"featured_media":0,"parent":0,"menu_order":0,"comment_status":"closed","ping_status":"closed","template":"","meta":{"footnotes":""},"_links":{"self":[{"href":"https:\/\/institutviladomat.cat\/portfoli\/17marcmorera\/wp-json\/wp\/v2\/pages\/1332"}],"collection":[{"href":"https:\/\/institutviladomat.cat\/portfoli\/17marcmorera\/wp-json\/wp\/v2\/pages"}],"about":[{"href":"https:\/\/institutviladomat.cat\/portfoli\/17marcmorera\/wp-json\/wp\/v2\/types\/page"}],"author":[{"embeddable":true,"href":"https:\/\/institutviladomat.cat\/portfoli\/17marcmorera\/wp-json\/wp\/v2\/users\/273"}],"replies":[{"embeddable":true,"href":"https:\/\/institutviladomat.cat\/portfoli\/17marcmorera\/wp-json\/wp\/v2\/comments?post=1332"}],"version-history":[{"count":1,"href":"https:\/\/institutviladomat.cat\/portfoli\/17marcmorera\/wp-json\/wp\/v2\/pages\/1332\/revisions"}],"predecessor-version":[{"id":1333,"href":"https:\/\/institutviladomat.cat\/portfoli\/17marcmorera\/wp-json\/wp\/v2\/pages\/1332\/revisions\/1333"}],"wp:attachment":[{"href":"https:\/\/institutviladomat.cat\/portfoli\/17marcmorera\/wp-json\/wp\/v2\/media?parent=1332"}],"curies":[{"name":"wp","href":"https:\/\/api.w.org\/{rel}","templated":true}]}}