{"id":1364,"date":"2020-02-25T15:04:36","date_gmt":"2020-02-25T13:04:36","guid":{"rendered":"https:\/\/institutviladomat.cat\/portfoli\/17marcmorera\/?page_id=1364"},"modified":"2024-02-25T15:04:58","modified_gmt":"2024-02-25T13:04:58","slug":"1364-2","status":"publish","type":"page","link":"https:\/\/institutviladomat.cat\/portfoli\/17marcmorera\/1364-2\/","title":{"rendered":""},"content":{"rendered":"<p>Slot game <a href=\"https:\/\/jun88t2.com\/\">Jun88<\/a> l\u00e0 m\u1ed9t trong nh\u1eefng h\u00ecnh th\u1ee9c c\u00e1 c\u01b0\u1ee3c \u0111\u1ed5i th\u01b0\u1edfng \u0111\u01b0\u1ee3c r\u1ea5t nhi\u1ec1u ng\u01b0\u1eddi ch\u01a1i y\u00eau th\u00edch. Tuy nhi\u00ean, hi\u1ec7n nay c\u00f3 r\u1ea5t nhi\u1ec1u nh\u00e0 c\u00e1i cung c\u1ea5p th\u1ec3 lo\u1ea1i game n\u00e0y khi\u1ebfn nhi\u1ec1u anh em hoang mang, ph\u00e2n v\u00e2n kh\u00f4ng bi\u1ebft n\u00ean l\u1ef1a ch\u1ecdn nh\u00e0 c\u00e1i n\u00e0o. N\u1ebfu b\u1ea1n c\u0169ng \u0111ang t\u00ecm ki\u1ebfm c\u00e2u tr\u1ea3 l\u1eddi th\u00ec slot game Jun88 l\u00e0 m\u1ed9t nh\u00e0 c\u00e1i m\u00e0 anh em kh\u00f4ng n\u00ean b\u1ecf qua. V\u1edbi \u0111a d\u1ea1ng c\u00e1c tr\u00f2 ch\u01a1i, t\u00ednh c\u00f4ng b\u1eb1ng v\u00e0 uy t\u00edn, Jun88 l\u00e0 l\u1ef1a ch\u1ecdn h\u00e0ng \u0111\u1ea7u cho c\u00e1c game th\u1ee7 y\u00eau th\u00edch slot games.\n<\/p>\n<h2>S\u01a1 l\u01b0\u1ee3c v\u1ec1 nh\u00e0 c\u00e1i Jun88<br \/>\n<\/h2>\n<p>Jun88 l\u00e0 m\u1ed9t nh\u00e0 c\u00e1i ho\u1ea1t \u0111\u1ed9ng uy t\u00edn trong l\u0129nh v\u1ef1c c\u00e1 c\u01b0\u1ee3c tr\u1ef1c tuy\u1ebfn, \u0111\u01b0\u1ee3c c\u1ea5p gi\u1ea5y ph\u00e9p ho\u1ea1t \u0111\u1ed9ng h\u1ee3p ph\u00e1p b\u1edfi Khu kinh t\u1ebf Isle of Man &amp; Cagayan Economic Zone and Free Port. \u0110i\u1ec1u n\u00e0y \u0111\u1ea3m b\u1ea3o r\u1eb1ng Jun88 l\u00e0 m\u1ed9t l\u1ef1a ch\u1ecdn \u0111\u00e1ng tin c\u1eady cho nh\u1eefng ng\u01b0\u1eddi y\u00eau th\u00edch c\u00e1 c\u01b0\u1ee3c tr\u1ef1c tuy\u1ebfn. M\u1ecdi s\u1ea3n ph\u1ea9m c\u00e1 c\u01b0\u1ee3c c\u1ee7a Jun88 \u0111\u1ec1u \u0111\u01b0\u1ee3c h\u1ee3p ph\u00e1p h\u00f3a, mang l\u1ea1i m\u1ed9t m\u00f4i tr\u01b0\u1eddng c\u00e1 c\u01b0\u1ee3c l\u00e0nh m\u1ea1nh v\u00e0 c\u00f4ng b\u1eb1ng cho ng\u01b0\u1eddi ch\u01a1i.\n<\/p>\n<p><img decoding=\"async\" loading=\"lazy\" src=\"https:\/\/lh7-us.googleusercontent.com\/-1PmEmEGDCPW6JyNRiW7G9DsPVoyTU8jGAgB_cH0XaTyReoIyyhqGU4aSXl__vOs0Gdt3lRpfatVwdE6BicQSMh5EmDtd0VLelZpmoe4WGaKH-nQn3J4SElej4IhVa39SqkUdktZybwvS5mhFvQMs88\" width=\"602\" height=\"339\" \/> S\u01a1 l\u01b0\u1ee3c v\u1ec1 nh\u00e0 c\u00e1i Jun88\n<\/p>\n<p><\/p>\n<p>Ngo\u00e0i ra, Jun88 c\u0169ng \u0111ang m\u1edf r\u1ed9ng ho\u1ea1t \u0111\u1ed9ng sang c\u00e1c th\u1ecb tr\u01b0\u1eddng l\u1edbn \u1edf ch\u00e2u \u00c1 nh\u01b0 H\u00e0n Qu\u1ed1c, Nh\u1eadt B\u1ea3n, Trung Qu\u1ed1c, v\u00e0 \u0110\u00e0i Loan. V\u1edbi c\u00e1c s\u1ea3n ph\u1ea9m c\u00e1 c\u01b0\u1ee3c \u0111a d\u1ea1ng nh\u01b0 live casino, game slot, v\u00e0 c\u00e1 c\u01b0\u1ee3c th\u1ec3 thao, Jun88 thu h\u00fat m\u1ed9t l\u01b0\u1ee3ng ng\u01b0\u1eddi ch\u01a1i ng\u00e0y c\u00e0ng t\u0103ng. Hi\u1ec7n nay, s\u1ed1 l\u01b0\u1ee3ng ng\u01b0\u1eddi d\u00f9ng \u0111\u00e3 \u0111\u0103ng k\u00fd t\u00e0i kho\u1ea3n tr\u00ean Jun88 l\u00ean \u0111\u1ebfn 7 tri\u1ec7u ng\u01b0\u1eddi, l\u00e0 m\u1ed9t minh ch\u1ee9ng cho s\u1ef1 uy t\u00edn v\u00e0 \u0111\u00e1ng tin c\u1eady c\u1ee7a nh\u00e0 c\u00e1i n\u00e0y.\n<\/p>\n<h2>Kh\u00e1i qu\u00e1t v\u1ec1 Slot game Jun88<br \/>\n<\/h2>\n<p>Slot game t\u1ea1i Jun88 l\u00e0 m\u1ed9t tr\u1ea3i nghi\u1ec7m \u0111\u1ed9c \u0111\u00e1o v\u00e0 h\u1ea5p d\u1eabn cho nh\u1eefng ng\u01b0\u1eddi y\u00eau th\u00edch c\u1edd b\u1ea1c tr\u1ef1c tuy\u1ebfn. \u0110\u01b0\u1ee3c l\u1ea5y c\u1ea3m h\u1ee9ng t\u1eeb m\u00e1y \u0111\u00e1nh b\u1ea1c truy\u1ec1n th\u1ed1ng, slot game t\u1ea1i Jun88 mang l\u1ea1i m\u1ed9t lo\u1ea1t c\u00e1c tr\u00f2 ch\u01a1i \u0111a d\u1ea1ng v\u00e0 phong ph\u00fa.\n<\/p>\n<p><\/p>\n<p><img decoding=\"async\" loading=\"lazy\" src=\"https:\/\/lh7-us.googleusercontent.com\/KFMQ7yqjzdO0nErMNU2Fo8370DGCXQFhbNxC0nLa46HnZyIOIGX2NboJWd_2lIN2OuGKQBI5JY4D3RGFBq4TMb2zivUvXs66CkCl9vy2CqbHxXYAgTM553b7LIioZRP15LeCSj2YJCsLTwhYfDxxWn8\" width=\"602\" height=\"376\" \/> Kh\u00e1i qu\u00e1t v\u1ec1 Slot game Jun88\n<\/p>\n<p><\/p>\n<p>V\u1edbi s\u1ef1 ph\u00e1t tri\u1ec3n c\u1ee7a c\u00f4ng ngh\u1ec7, slot game \u0111\u00e3 \u0111\u01b0\u1ee3c c\u1ea3i ti\u1ebfn v\u00e0 \u0111\u1ed5i m\u1edbi \u0111\u1ec3 \u0111\u00e1p \u1ee9ng nhu c\u1ea7u ng\u00e0y c\u00e0ng t\u0103ng c\u1ee7a ng\u01b0\u1eddi ch\u01a1i. Ng\u01b0\u1eddi ch\u01a1i c\u00f3 th\u1ec3 tham gia tr\u00f2 ch\u01a1i tr\u1ef1c tuy\u1ebfn m\u00e0 kh\u00f4ng c\u1ea7n ph\u1ea3i ra s\u00f2ng b\u1ea1c truy\u1ec1n th\u1ed1ng. Jun88 l\u00e0 m\u1ed9t trong nh\u1eefng nh\u00e0 c\u00e1i h\u00e0ng \u0111\u1ea7u cung c\u1ea5p slot game, \u0111\u1ea3m b\u1ea3o m\u1ed9t s\u00e2n ch\u01a1i l\u00e0nh m\u1ea1nh v\u00e0 uy t\u00edn cho ng\u01b0\u1eddi ch\u01a1i.\n<\/p>\n<p><\/p>\n<p>C\u00e1ch th\u1ee9c ch\u01a1i slot game t\u1ea1i Jun88 kh\u00f4ng c\u00f3 g\u00ec kh\u00e1c bi\u1ec7t so v\u1edbi ch\u01a1i tr\u1ef1c ti\u1ebfp. Ng\u01b0\u1eddi ch\u01a1i c\u00f3 th\u1ec3 th\u01b0\u1edfng th\u1ee9c slot game trong m\u1ed9t kh\u00f4ng gian \u00e2m nh\u1ea1c s\u1ed1ng \u0111\u1ed9ng, c\u00f9ng v\u1edbi \u0111\u1ed3 h\u1ecda \u0111\u1eb9p m\u1eaft v\u00e0 c\u00e1c t\u00ednh n\u0103ng \u0111\u1eb7c s\u1eafc. Jun88 cam k\u1ebft mang \u0111\u1ebfn tr\u1ea3i nghi\u1ec7m t\u1ed1t nh\u1ea5t cho m\u1ed7i ng\u01b0\u1eddi ch\u01a1i, v\u1edbi Jackpot h\u1ea5p d\u1eabn v\u00e0 t\u1ef7 l\u1ec7 \u0111\u1eb7t c\u01b0\u1ee3c c\u1ea1nh tranh. H\u00e3y tham gia slot game t\u1ea1i Jun88 \u0111\u1ec3 tr\u1ea3i nghi\u1ec7m s\u1ef1 h\u1ea5p d\u1eabn v\u00e0 may m\u1eafn ngay h\u00f4m nay!\n<\/p>\n<h2>H\u01b0\u1edbng d\u1eabn c\u00e1ch th\u1ee9c ch\u01a1i Slot game Jun88 c\u1ef1c k\u00ec \u0111\u01a1n gi\u1ea3n<br \/>\n<\/h2>\n<p>Ch\u01a1i Slot game t\u1ea1i Jun88 kh\u00f4ng ch\u1ec9 mang l\u1ea1i ni\u1ec1m vui v\u00e0 gi\u1ea3i tr\u00ed m\u00e0 c\u00f2n c\u1ef1c k\u1ef3 \u0111\u01a1n gi\u1ea3n v\u00e0 d\u1ec5 d\u00e0ng. D\u01b0\u1edbi \u0111\u00e2y l\u00e0 c\u00e1c b\u01b0\u1edbc c\u01a1 b\u1ea3n m\u00e0 ng\u01b0\u1eddi ch\u01a1i c\u1ea7n th\u1ef1c hi\u1ec7n \u0111\u1ec3 tham gia v\u00e0o tr\u00f2 ch\u01a1i:\n<\/p>\n<p><img decoding=\"async\" loading=\"lazy\" src=\"https:\/\/lh7-us.googleusercontent.com\/Ks7yivaPg7-9MTLwjlhTgcwmz_Ei40Q5F6ZA_cq0sqQ_O0j6gzT-hsvELxTRvQKMhr4zWySkytWoEZfAGpK5r1pHmtRkmRvvAGZ6xlmVMtEt6UoAkVgaLrFSgvo15VzHezmBf3epxpNA0NvIrXO5TiI\" width=\"602\" height=\"336\" \/>\n<\/p>\n<p>H\u01b0\u1edbng d\u1eabn c\u00e1ch th\u1ee9c ch\u01a1i Slot game Jun88 c\u1ef1c k\u00ec \u0111\u01a1n gi\u1ea3n\n<\/p>\n<h3>B\u01b0\u1edbc 1: L\u1ef1a ch\u1ecdn m\u1ee9c c\u01b0\u1ee3c<br \/>\n<\/h3>\n<p>Tr\u01b0\u1edbc khi b\u1eaft \u0111\u1ea7u v\u00e1n c\u01b0\u1ee3c, ng\u01b0\u1eddi ch\u01a1i c\u1ea7n ch\u1ecdn m\u1ee9c c\u01b0\u1ee3c ph\u00f9 h\u1ee3p v\u1edbi kh\u1ea3 n\u0103ng v\u00e0 mong mu\u1ed1n c\u1ee7a m\u00ecnh. T\u1ea1i Jun88, c\u00f3 nhi\u1ec1u m\u1ee9c c\u01b0\u1ee3c kh\u00e1c nhau \u0111\u1ec3 ng\u01b0\u1eddi ch\u01a1i c\u00f3 th\u1ec3 l\u1ef1a ch\u1ecdn, t\u1eeb 5.000\u0111\/l\u01b0\u1ee3t \u0111\u1ebfn 50.000\u0111\/l\u01b0\u1ee3t ho\u1eb7c th\u1eadm ch\u00ed c\u00f3 th\u1ec3 t\u0103ng l\u00ean t\u00f9y \u00fd.\n<\/p>\n<h3>B\u01b0\u1edbc 2: B\u1ea5m n\u00fat Spin<br \/>\n<\/h3>\n<p>Sau khi l\u1ef1a ch\u1ecdn m\u1ee9c c\u01b0\u1ee3c, ng\u01b0\u1eddi ch\u01a1i ch\u1ec9 c\u1ea7n b\u1ea5m n\u00fat Spin tr\u00ean m\u00e0n h\u00ecnh \u0111\u1ec3 b\u1eaft \u0111\u1ea7u quay th\u01b0\u1edfng.\n<\/p>\n<h3>B\u01b0\u1edbc 3: Theo d\u00f5i k\u1ebft qu\u1ea3<br \/>\n<\/h3>\n<p>Ng\u01b0\u1eddi ch\u01a1i c\u1ea7n ch\u1edd \u0111\u1ee3i v\u00e0 theo d\u00f5i k\u1ebft qu\u1ea3 c\u1ee7a t\u1eebng \u00f4 sau khi quay. Chi\u1ebfn th\u1eafng \u0111\u01b0\u1ee3c x\u00e1c \u0111\u1ecbnh khi c\u00f3 3 \u00f4 c\u00f3 bi\u1ec3u t\u01b0\u1ee3ng gi\u1ed1ng nhau xu\u1ea5t hi\u1ec7n theo chi\u1ec1u d\u1ecdc ho\u1eb7c chi\u1ec1u ngang. S\u1ed1 l\u01b0\u1ee3ng bi\u1ec3u t\u01b0\u1ee3ng gi\u1ed1ng nhau c\u00e0ng nhi\u1ec1u, ti\u1ec1n th\u01b0\u1edfng nh\u1eadn \u0111\u01b0\u1ee3c c\u00e0ng l\u1edbn.\n<\/p>\n<h3>B\u01b0\u1edbc 4: Nh\u1eadn th\u01b0\u1edfng v\u00e0 ti\u1ebfp t\u1ee5c<br \/>\n<\/h3>\n<p>N\u1ebfu gi\u00e0nh chi\u1ebfn th\u1eafng, ng\u01b0\u1eddi ch\u01a1i c\u00f3 th\u1ec3 nh\u1eadn th\u01b0\u1edfng v\u00e0 quy\u1ebft \u0111\u1ecbnh li\u1ec7u h\u1ecd s\u1ebd k\u1ebft th\u00fac tr\u00f2 ch\u01a1i hay ti\u1ebfp t\u1ee5c l\u01b0\u1ee3t ch\u01a1i m\u1edbi. \u0110\u1ec3 t\u0103ng c\u01a1 h\u1ed9i chi\u1ebfn th\u1eafng v\u00e0 tr\u00e1nh l\u1ed7 v\u1ed1n, ng\u01b0\u1eddi ch\u01a1i c\u00f3 th\u1ec3 chia nh\u1ecf ti\u1ec1n c\u01b0\u1ee3c ho\u1eb7c \u0111\u00e1nh g\u1ea5p th\u1ebfp.\n<\/p>\n<p><\/p>\n<p>V\u1edbi c\u00e1c b\u01b0\u1edbc \u0111\u01a1n gi\u1ea3n nh\u01b0 v\u1eady, Slot game t\u1ea1i Jun88 l\u00e0 m\u1ed9t tr\u1ea3i nghi\u1ec7m th\u00fa v\u1ecb v\u00e0 ti\u1ec7n l\u1ee3i cho m\u1ecdi ng\u01b0\u1eddi ch\u01a1i. H\u00e3y tham gia ngay \u0111\u1ec3 c\u1ea3m nh\u1eadn s\u1ef1 h\u1ea5p d\u1eabn v\u00e0 may m\u1eafn t\u1eeb nh\u1eefng v\u00e1n c\u01b0\u1ee3c!\n<\/p>\n<p><\/p>\n<p>Slot game \u0111\u00e3 v\u00e0 \u0111ang tr\u1edf th\u00e0nh m\u1ed9t trong nh\u1eefng h\u00ecnh th\u1ee9c c\u00e1 c\u01b0\u1ee3c gi\u1ea3i tr\u00ed h\u1ea5p d\u1eabn, thu h\u00fat h\u00e0ng tri\u1ec7u ng\u01b0\u1eddi ch\u01a1i tr\u00ean to\u00e0n th\u1ebf gi\u1edbi m\u1ed7i ng\u00e0y. V\u1edbi s\u1ef1 \u0111a d\u1ea1ng v\u1ec1 \u0111\u1ec1 xu\u1ea5t v\u00e0 t\u00ednh n\u0103ng, slot game kh\u00f4ng ch\u1ec9 mang l\u1ea1i ni\u1ec1m vui v\u00e0 s\u1ef1 th\u01b0 gi\u00e3n cho ng\u01b0\u1eddi ch\u01a1i m\u00e0 c\u00f2n t\u1ea1o ra c\u01a1 h\u1ed9i gi\u00e0nh chi\u1ebfn th\u1eafng l\u1edbn. Jun88 l\u00e0 m\u1ed9t trong nh\u1eefng nh\u00e0 c\u00e1i h\u00e0ng \u0111\u1ea7u cung c\u1ea5p slot game ch\u1ea5t l\u01b0\u1ee3ng v\u00e0 \u0111a d\u1ea1ng. V\u1edbi s\u1ef1 uy t\u00edn, an to\u00e0n v\u00e0 c\u00f4ng b\u1eb1ng, Jun88 cam k\u1ebft mang \u0111\u1ebfn tr\u1ea3i nghi\u1ec7m c\u00e1 c\u01b0\u1ee3c tuy\u1ec7t v\u1eddi nh\u1ea5t cho ng\u01b0\u1eddi ch\u01a1i. H\u00e3y tham gia tr\u1ea3i nghi\u1ec7m <a href=\"https:\/\/jun88t2.com\/slot-game\/\">slot game Jun88<\/a> ngay h\u00f4m nay \u0111\u1ec3 kh\u00e1m ph\u00e1 th\u1ebf gi\u1edbi gi\u1ea3i tr\u00ed \u0111\u1ea7y m\u00e0u s\u1eafc v\u00e0 phong ph\u00fa!\n<\/p>\n<p style=\"text-align: center;font-size: 8px;font-weight: 600;justify-content: center;color: blueviolet\">POSTER FOXSEOTOOL<\/p>\n<p>.<\/p>\n","protected":false},"excerpt":{"rendered":"<p>Slot game Jun88 l\u00e0 m\u1ed9t trong nh\u1eefng h\u00ecnh th\u1ee9c c\u00e1 c\u01b0\u1ee3c \u0111\u1ed5i th\u01b0\u1edfng \u0111\u01b0\u1ee3c r\u1ea5t nhi\u1ec1u ng\u01b0\u1eddi ch\u01a1i y\u00eau th\u00edch. Tuy nhi\u00ean, hi\u1ec7n nay c\u00f3 r\u1ea5t nhi\u1ec1u nh\u00e0&#8230;<\/p>\n","protected":false},"author":273,"featured_media":0,"parent":0,"menu_order":0,"comment_status":"closed","ping_status":"closed","template":"","meta":{"footnotes":""},"_links":{"self":[{"href":"https:\/\/institutviladomat.cat\/portfoli\/17marcmorera\/wp-json\/wp\/v2\/pages\/1364"}],"collection":[{"href":"https:\/\/institutviladomat.cat\/portfoli\/17marcmorera\/wp-json\/wp\/v2\/pages"}],"about":[{"href":"https:\/\/institutviladomat.cat\/portfoli\/17marcmorera\/wp-json\/wp\/v2\/types\/page"}],"author":[{"embeddable":true,"href":"https:\/\/institutviladomat.cat\/portfoli\/17marcmorera\/wp-json\/wp\/v2\/users\/273"}],"replies":[{"embeddable":true,"href":"https:\/\/institutviladomat.cat\/portfoli\/17marcmorera\/wp-json\/wp\/v2\/comments?post=1364"}],"version-history":[{"count":1,"href":"https:\/\/institutviladomat.cat\/portfoli\/17marcmorera\/wp-json\/wp\/v2\/pages\/1364\/revisions"}],"predecessor-version":[{"id":1365,"href":"https:\/\/institutviladomat.cat\/portfoli\/17marcmorera\/wp-json\/wp\/v2\/pages\/1364\/revisions\/1365"}],"wp:attachment":[{"href":"https:\/\/institutviladomat.cat\/portfoli\/17marcmorera\/wp-json\/wp\/v2\/media?parent=1364"}],"curies":[{"name":"wp","href":"https:\/\/api.w.org\/{rel}","templated":true}]}}